{"id":1244,"date":"2018-03-12T14:51:26","date_gmt":"2018-03-12T13:51:26","guid":{"rendered":"http:\/\/www.targetfun.it\/blog\/?page_id=1244"},"modified":"2021-11-30T17:49:56","modified_gmt":"2021-11-30T16:49:56","slug":"link-e-strumenti","status":"publish","type":"page","link":"https:\/\/www.targetfun.it\/blog\/strumenti\/link-e-strumenti\/","title":{"rendered":"Link e Strumenti"},"content":{"rendered":"<p>Navigando sul web si trovano spesso <strong>interessanti database e utili strumenti<\/strong> per gli appassionati di armi, ricarica e collezionisti. A volte pu\u00f2 non essere semplice trovare queste risorse al momento del bisogno, pertanto man mano che mi imbatter\u00f2 in siti interessanti, cercher\u00f2 di riportarne link e descrizione di seguito, per una pi\u00f9 veloce consultazione o semplicemente per curiosare sui vari temi trattati..<\/p>\n<p><strong>LINK CONSIGLIATI<\/strong><\/p>\n<p><strong>Gordons Reloading tools<\/strong><\/p>\n<p>Software gratuito di simulazione balistica, comprende Database con polveri, palle, misure cip dei vari calibri, molto molto bello.<\/p>\n<p style=\"padding-left: 40px;\"><a href=\"http:\/\/grtools.de\" target=\"_blank\" rel=\"noopener noreferrer\">http:\/\/grtools.de<\/a><\/p>\n<p><strong>Classificazione armi (catalogo)<\/strong><\/p>\n<p style=\"padding-left: 40px;\"><a href=\"https:\/\/www.bancoprova.it\/index.php\/classificazione-armi\/armi-classificate.html\" target=\"_blank\" rel=\"noopener noreferrer\">https:\/\/www.bancoprova.it<\/a><\/p>\n<p><strong>Tabelle C.I.P<\/strong> con le misure standard delle munizioni<\/p>\n<p style=\"padding-left: 40px;\"><a href=\"https:\/\/bobp.cip-bobp.org\/fr\/tdcc_public\" target=\"_blank\" rel=\"noopener noreferrer\">https:\/\/bobp.cip-bobp.org\/fr\/tdcc_public<\/a><\/p>\n<p>Sito italiano dedicato alle<strong> armi militari<\/strong>, colmo di manuali e link interessanti<\/p>\n<p style=\"padding-left: 40px;\"><a href=\"https:\/\/www.armimilitari.it\/wordpress\/link\/\" target=\"_blank\" rel=\"noopener noreferrer\">https:\/\/www.armimilitari.it<\/a><\/p>\n<p>Catalogo nazionale armi<\/p>\n<p style=\"padding-left: 40px;\"><a href=\"https:\/\/webinfo.bignami.it\/bignami\/catnaz_find.jsp\" target=\"_blank\" rel=\"noopener noreferrer\">https:\/\/webinfo.bignami.it<\/a><\/p>\n<p>Enciclopedia delle armi<\/p>\n<p style=\"padding-left: 40px;\"><a href=\"http:\/\/www.earmi.it\/\" target=\"_blank\" rel=\"noopener noreferrer\">http:\/\/www.earmi.it\/<\/a><\/p>\n\n\n<p><a href=\"https:\/\/www.targetfun.it\/blog\/punzoni\/\">Punzoni <\/a><\/p>\n","protected":false},"excerpt":{"rendered":"<p>Navigando sul web si trovano spesso interessanti database e utili strumenti per gli appassionati di armi, ricarica e collezionisti. A volte pu\u00f2 non essere semplice trovare queste risorse al momento del bisogno, pertanto man mano che mi imbatter\u00f2 in siti&#8230;<\/p>\n","protected":false},"author":1,"featured_media":0,"parent":1333,"menu_order":0,"comment_status":"closed","ping_status":"closed","template":"","meta":{"inline_featured_image":false,"footnotes":""},"class_list":["post-1244","page","type-page","status-publish","hentry","no-post-thumbnail"],"yoast_head":"<!-- This site is optimized with the Yoast SEO plugin v26.1.1 - https:\/\/yoast.com\/wordpress\/plugins\/seo\/ -->\n<title>Link e Strumenti - Targetfun<\/title>\n<meta name=\"robots\" content=\"index, follow, max-snippet:-1, max-image-preview:large, max-video-preview:-1\" \/>\n<link rel=\"canonical\" href=\"https:\/\/www.targetfun.it\/blog\/strumenti\/link-e-strumenti\/\" \/>\n<meta property=\"og:locale\" content=\"it_IT\" \/>\n<meta property=\"og:type\" content=\"article\" \/>\n<meta property=\"og:title\" content=\"Link e Strumenti - Targetfun\" \/>\n<meta property=\"og:description\" content=\"Navigando sul web si trovano spesso interessanti database e utili strumenti per gli appassionati di armi, ricarica e collezionisti. A volte pu\u00f2 non essere semplice trovare queste risorse al momento del bisogno, pertanto man mano che mi imbatter\u00f2 in siti...\" \/>\n<meta property=\"og:url\" content=\"https:\/\/www.targetfun.it\/blog\/strumenti\/link-e-strumenti\/\" \/>\n<meta property=\"og:site_name\" content=\"Targetfun\" \/>\n<meta property=\"article:modified_time\" content=\"2021-11-30T16:49:56+00:00\" \/>\n<meta name=\"twitter:card\" content=\"summary_large_image\" \/>\n<meta name=\"twitter:label1\" content=\"Tempo di lettura stimato\" \/>\n\t<meta name=\"twitter:data1\" content=\"1 minuto\" \/>\n<script type=\"application\/ld+json\" class=\"yoast-schema-graph\">{\"@context\":\"https:\/\/schema.org\",\"@graph\":[{\"@type\":\"WebPage\",\"@id\":\"https:\/\/www.targetfun.it\/blog\/strumenti\/link-e-strumenti\/\",\"url\":\"https:\/\/www.targetfun.it\/blog\/strumenti\/link-e-strumenti\/\",\"name\":\"Link e Strumenti - Targetfun\",\"isPartOf\":{\"@id\":\"https:\/\/www.targetfun.it\/blog\/#website\"},\"datePublished\":\"2018-03-12T13:51:26+00:00\",\"dateModified\":\"2021-11-30T16:49:56+00:00\",\"breadcrumb\":{\"@id\":\"https:\/\/www.targetfun.it\/blog\/strumenti\/link-e-strumenti\/#breadcrumb\"},\"inLanguage\":\"it-IT\",\"potentialAction\":[{\"@type\":\"ReadAction\",\"target\":[\"https:\/\/www.targetfun.it\/blog\/strumenti\/link-e-strumenti\/\"]}]},{\"@type\":\"BreadcrumbList\",\"@id\":\"https:\/\/www.targetfun.it\/blog\/strumenti\/link-e-strumenti\/#breadcrumb\",\"itemListElement\":[{\"@type\":\"ListItem\",\"position\":1,\"name\":\"Home\",\"item\":\"https:\/\/www.targetfun.it\/blog\/\"},{\"@type\":\"ListItem\",\"position\":2,\"name\":\"Strumenti\",\"item\":\"https:\/\/www.targetfun.it\/blog\/strumenti\/\"},{\"@type\":\"ListItem\",\"position\":3,\"name\":\"Link e Strumenti\"}]},{\"@type\":\"WebSite\",\"@id\":\"https:\/\/www.targetfun.it\/blog\/#website\",\"url\":\"https:\/\/www.targetfun.it\/blog\/\",\"name\":\"Targetfun\",\"description\":\"Funny shooting and reloading\",\"publisher\":{\"@id\":\"https:\/\/www.targetfun.it\/blog\/#organization\"},\"potentialAction\":[{\"@type\":\"SearchAction\",\"target\":{\"@type\":\"EntryPoint\",\"urlTemplate\":\"https:\/\/www.targetfun.it\/blog\/?s={search_term_string}\"},\"query-input\":{\"@type\":\"PropertyValueSpecification\",\"valueRequired\":true,\"valueName\":\"search_term_string\"}}],\"inLanguage\":\"it-IT\"},{\"@type\":\"Organization\",\"@id\":\"https:\/\/www.targetfun.it\/blog\/#organization\",\"name\":\"Targetfun.it\",\"url\":\"https:\/\/www.targetfun.it\/blog\/\",\"logo\":{\"@type\":\"ImageObject\",\"inLanguage\":\"it-IT\",\"@id\":\"https:\/\/www.targetfun.it\/blog\/#\/schema\/logo\/image\/\",\"url\":\"https:\/\/www.targetfun.it\/blog\/wp-content\/uploads\/2017\/05\/cropped-Logo.gif\",\"contentUrl\":\"https:\/\/www.targetfun.it\/blog\/wp-content\/uploads\/2017\/05\/cropped-Logo.gif\",\"width\":562,\"height\":180,\"caption\":\"Targetfun.it\"},\"image\":{\"@id\":\"https:\/\/www.targetfun.it\/blog\/#\/schema\/logo\/image\/\"},\"sameAs\":[\"https:\/\/www.youtube.com\/channel\/UCpI5ElP7C4pIJMZ5Zn3SY4w\"]}]}<\/script>\n<!-- \/ Yoast SEO plugin. -->","yoast_head_json":{"title":"Link e Strumenti - Targetfun","robots":{"index":"index","follow":"follow","max-snippet":"max-snippet:-1","max-image-preview":"max-image-preview:large","max-video-preview":"max-video-preview:-1"},"canonical":"https:\/\/www.targetfun.it\/blog\/strumenti\/link-e-strumenti\/","og_locale":"it_IT","og_type":"article","og_title":"Link e Strumenti - Targetfun","og_description":"Navigando sul web si trovano spesso interessanti database e utili strumenti per gli appassionati di armi, ricarica e collezionisti. A volte pu\u00f2 non essere semplice trovare queste risorse al momento del bisogno, pertanto man mano che mi imbatter\u00f2 in siti...","og_url":"https:\/\/www.targetfun.it\/blog\/strumenti\/link-e-strumenti\/","og_site_name":"Targetfun","article_modified_time":"2021-11-30T16:49:56+00:00","twitter_card":"summary_large_image","twitter_misc":{"Tempo di lettura stimato":"1 minuto"},"schema":{"@context":"https:\/\/schema.org","@graph":[{"@type":"WebPage","@id":"https:\/\/www.targetfun.it\/blog\/strumenti\/link-e-strumenti\/","url":"https:\/\/www.targetfun.it\/blog\/strumenti\/link-e-strumenti\/","name":"Link e Strumenti - Targetfun","isPartOf":{"@id":"https:\/\/www.targetfun.it\/blog\/#website"},"datePublished":"2018-03-12T13:51:26+00:00","dateModified":"2021-11-30T16:49:56+00:00","breadcrumb":{"@id":"https:\/\/www.targetfun.it\/blog\/strumenti\/link-e-strumenti\/#breadcrumb"},"inLanguage":"it-IT","potentialAction":[{"@type":"ReadAction","target":["https:\/\/www.targetfun.it\/blog\/strumenti\/link-e-strumenti\/"]}]},{"@type":"BreadcrumbList","@id":"https:\/\/www.targetfun.it\/blog\/strumenti\/link-e-strumenti\/#breadcrumb","itemListElement":[{"@type":"ListItem","position":1,"name":"Home","item":"https:\/\/www.targetfun.it\/blog\/"},{"@type":"ListItem","position":2,"name":"Strumenti","item":"https:\/\/www.targetfun.it\/blog\/strumenti\/"},{"@type":"ListItem","position":3,"name":"Link e Strumenti"}]},{"@type":"WebSite","@id":"https:\/\/www.targetfun.it\/blog\/#website","url":"https:\/\/www.targetfun.it\/blog\/","name":"Targetfun","description":"Funny shooting and reloading","publisher":{"@id":"https:\/\/www.targetfun.it\/blog\/#organization"},"potentialAction":[{"@type":"SearchAction","target":{"@type":"EntryPoint","urlTemplate":"https:\/\/www.targetfun.it\/blog\/?s={search_term_string}"},"query-input":{"@type":"PropertyValueSpecification","valueRequired":true,"valueName":"search_term_string"}}],"inLanguage":"it-IT"},{"@type":"Organization","@id":"https:\/\/www.targetfun.it\/blog\/#organization","name":"Targetfun.it","url":"https:\/\/www.targetfun.it\/blog\/","logo":{"@type":"ImageObject","inLanguage":"it-IT","@id":"https:\/\/www.targetfun.it\/blog\/#\/schema\/logo\/image\/","url":"https:\/\/www.targetfun.it\/blog\/wp-content\/uploads\/2017\/05\/cropped-Logo.gif","contentUrl":"https:\/\/www.targetfun.it\/blog\/wp-content\/uploads\/2017\/05\/cropped-Logo.gif","width":562,"height":180,"caption":"Targetfun.it"},"image":{"@id":"https:\/\/www.targetfun.it\/blog\/#\/schema\/logo\/image\/"},"sameAs":["https:\/\/www.youtube.com\/channel\/UCpI5ElP7C4pIJMZ5Zn3SY4w"]}]}},"_links":{"self":[{"href":"https:\/\/www.targetfun.it\/blog\/wp-json\/wp\/v2\/pages\/1244","targetHints":{"allow":["GET"]}}],"collection":[{"href":"https:\/\/www.targetfun.it\/blog\/wp-json\/wp\/v2\/pages"}],"about":[{"href":"https:\/\/www.targetfun.it\/blog\/wp-json\/wp\/v2\/types\/page"}],"author":[{"embeddable":true,"href":"https:\/\/www.targetfun.it\/blog\/wp-json\/wp\/v2\/users\/1"}],"replies":[{"embeddable":true,"href":"https:\/\/www.targetfun.it\/blog\/wp-json\/wp\/v2\/comments?post=1244"}],"version-history":[{"count":11,"href":"https:\/\/www.targetfun.it\/blog\/wp-json\/wp\/v2\/pages\/1244\/revisions"}],"predecessor-version":[{"id":3289,"href":"https:\/\/www.targetfun.it\/blog\/wp-json\/wp\/v2\/pages\/1244\/revisions\/3289"}],"up":[{"embeddable":true,"href":"https:\/\/www.targetfun.it\/blog\/wp-json\/wp\/v2\/pages\/1333"}],"wp:attachment":[{"href":"https:\/\/www.targetfun.it\/blog\/wp-json\/wp\/v2\/media?parent=1244"}],"curies":[{"name":"wp","href":"https:\/\/api.w.org\/{rel}","templated":true}]}}