{"id":2189,"date":"2021-10-18T23:22:19","date_gmt":"2021-10-18T21:22:19","guid":{"rendered":"http:\/\/www.targetfun.it\/blog\/?page_id=2189"},"modified":"2023-01-07T14:56:06","modified_gmt":"2023-01-07T13:56:06","slug":"come-ottenere-il-porto-darmi","status":"publish","type":"page","link":"https:\/\/www.targetfun.it\/blog\/come-ottenere-il-porto-darmi\/","title":{"rendered":"Come ottenere il porto d&#8217;armi"},"content":{"rendered":"\n<div class=\"wp-block-image\"><figure class=\"alignright is-resized\"><img loading=\"lazy\" decoding=\"async\" src=\"https:\/\/www.targetfun.it\/blog\/wp-content\/uploads\/2021\/10\/Libretto.jpg\" alt=\"\" class=\"wp-image-3218\" width=\"255\" height=\"169\" srcset=\"https:\/\/www.targetfun.it\/blog\/wp-content\/uploads\/2021\/10\/Libretto.jpg 400w, https:\/\/www.targetfun.it\/blog\/wp-content\/uploads\/2021\/10\/Libretto-300x199.jpg 300w, https:\/\/www.targetfun.it\/blog\/wp-content\/uploads\/2021\/10\/Libretto-242x160.jpg 242w\" sizes=\"auto, (max-width: 255px) 100vw, 255px\" \/><\/figure><\/div>\n\n\n\n<p>Per passione o per necessit\u00e0 avete deciso di acquistare un&#8217;arma e  non sapete da dove cominciare? Allora siete probabilmente nel posto giusto. Nelle seguenti righe cercheremo di fare un po&#8217; di chiarezza su cosa occorra fare per ottenere il porto d&#8217;armi, procedura che, se in possesso dei requisiti,  non \u00e8 affatto complessa.<\/p>\n\n\n\n<p>Come prima cosa cominciamo con elencare i diversi titoli che permettono la regolare detenzione di un arma:<\/p>\n\n\n\n<ul class=\"wp-block-list\"><li><strong>Autorizzazione all&#8217;acquisto<\/strong> di armi e munizioni<\/li><li>Licenza di porto di arma per <strong>difesa personale<\/strong><\/li><li>Licenza di porto di fucile per uso di <strong>caccia<\/strong><\/li><li>Licenza di porto di arma lunga per il <strong>tiro a volo<\/strong> <\/li><\/ul>\n\n\n\n<p>L&#8217;autorizzazione all&#8217;acquisto \u00e8 il permesso minimo necessario per poter entrare in possesso di un arma. Si tratta del mero <strong>Nulla Osta<\/strong> da parte questore all&#8217;acquisto e alla detenzione. Il titolo autorizza il cittadino al trasporto dell&#8217;arma dal luogo dell&#8217;acquisto fino alla propria abitazione e non ne permette ne il trasporto ne tantomeno il porto al di fuori del luogo di detenzione. Viene usato per poter possedere armi ereditate o da chi vuole acquistare un arma per difesa abitativa (per mia personale opinione tuttavia trovo pericoloso possedere un arma senza prevederne un regolare utilizzo presso un TSN o un campo di tiro).<\/p>\n\n\n\n<p>Il<strong> porto per difesa personale<\/strong> permette invece il &#8220;porto&#8221; di un arma pronta all&#8217;uso ed \u00e8 quindi destinato a chi effettivamente abbia questo tipo di necessit\u00e0 come guardie giurate, persone esposte per lavoro o per  altri motivi ad  un alto rischio di aggressione etc. Il suo rilascio, a discrezione del questore, \u00e8 quindi soggetto a maggiori restrizioni e verifiche rispetto agli altri tipi di licenza.<\/p>\n\n\n\n<p>Il <strong>porto per  uso venatorio<\/strong> \u00e8 invece destinato a chi intenda praticare la caccia e abbia quindi la necessit\u00e0 di portare un fucile pronto per questo tipo di utilizzo. La procedura di rilascio non \u00e8 molto differente da quella per il tiro sportivo, ma rispetto a quest&#8217;ultimo occorre il pagamento di una tassa aggiuntiva.<\/p>\n\n\n\n<p>Infine il <strong>porto per uso sportivo<\/strong>, detto anche  porto di arma lunga per il <strong>tiro a volo<\/strong> , permette la detenzione di armi e il loro trasporto (non il porto) fino al luogo in cui si intenda praticare l&#8217;attivit\u00e0 sportiva (TSN o Campi di tiro abilitati).<br>Sebbene il nome tragga un po&#8217; in inganno questa licenza prevede la possibilit\u00e0 di detenere e trasportare sia armi lunghe che corte, nei limiti imposti dalla legge che nel momento in cui scrivo sono:<\/p>\n\n\n\n<ul class=\"wp-block-list\"><li>Detenzione di <strong>3 armi comuni, 12 sportive<\/strong>, un numero illimitato di fucili da caccia. (Superabili con una licenza aggiuntiva per collezione di armi)<\/li><li>Detenzione massima di <strong> 200 munizioni per pistola<\/strong> o rivoltella.<\/li><li>Detenzione massima di <strong>1500 munizioni a pallini<\/strong> per armi da caccia.<\/li><li>Detenzione di massimo <strong>5Kg di polvere <\/strong>da sparo per la ricarica domestica.<\/li><li><strong>Trasporto di massimo 6 armi<\/strong> contemporanee (smontate non pronte all&#8217;uso) . Quindi per trasferire una collezione pi\u00f9 numerosa occorreranno pi\u00f9 viaggi.<\/li><\/ul>\n\n\n\n<p class=\"has-background has-vivid-red-background-color\">ATTENZIONE!! <br>I limiti indicati sono quelli massimi, <strong>va comunque fatta <a rel=\"noreferrer noopener\" href=\"https:\/\/www.poliziadistato.it\/statics\/15\/armi_comuni-denuncia_detenzione.pdf\" target=\"_blank\">denuncia<\/a><\/strong> dei quantitativi effettivi di armi, munizioni e polvere posseduti, anche  se inferiori e solo per tali quantitativi si \u00e8 poi in regola.<br>Le norme ogni tanto cambiano, quindi documentatevi bene sui limiti aggiornati, prima di acquistare armi e munizioni! <\/p>\n\n\n\n<p>Il titolo per  il Tiro a volo \u00e8 il pi\u00f9 diffuso ed e anche  quello pi\u00f9 facile da ottenere. Ha una durata di<strong> 5 anni<\/strong> ed \u00e8 il pi\u00f9 indicato per chi si avvicina al mondo delle armi per diletto o sport.<\/p>\n\n\n\n<p>Prima di continuare ci tengo a specificare che <strong>per poter &#8220;provare&#8221; un arma o per divertirsi a sparacchiare non \u00e8 strettamente necessario un porto d&#8217;armi.<\/strong><br>E&#8217; possibile infatti iscriversi presso una qualsiasi sezione del <strong>Tiro a Segno Nazionale<\/strong>, fare un <strong>corso di maneggio<\/strong> (dura poche ore) che abiliti alla frequenza del TSN, <strong>noleggiando sul posto le armi e le munizioni<\/strong> necessarie.<br>Questo \u00e8 sicuramente il primo passo,  le prime volte avrete <strong>un istruttore che vi seguir\u00e0<\/strong> e  ci sar\u00e0 sempre un addetto sulle linee di tiro che controller\u00e0 che ogni operazione sia effettuata <strong>nel modo pi\u00f9 sicuro possibile<\/strong>.<br>Un ulteriore vantaggio sar\u00e0 inoltre quello di potere scegliere tra una grande variet\u00e0 di armi, potrete divertirvi <strong>togliendovi molti sfizi!<\/strong> <br>Conoscerete altri appassionati e comincerete a  passare qualche ora a settimana sulla linea di tiro! <br>Il poligono inoltre \u00e8 aperto <strong>ai ragazzi<\/strong> (Minorenni) che potranno cominciare a fare pratica con le armi ad <strong>aria compressa<\/strong>. (Calibro 4,5mm)<br><strong>Il problema nascer\u00e0 quando ci avrete preso la mano<\/strong>,  e comincer\u00e0 a starvi stretta l&#8217;arma del poligono, usata da tutti, e ben poco personale!<br>Per poter acquistare un <strong>arma propria<\/strong> da portare in poligono sar\u00e0 quindi <strong>necessario un titolo che ne consenta l&#8217;acquisto e il trasporto<\/strong>. <br>A questo punto avrete gia&#8217; ottenuto il vostro <strong>certificato di maneggio dal TSN<\/strong> e se avete i requisiti sar\u00e0 sufficiente <strong>qualche scartoffia da presentare alla stazione di polizia <\/strong>di zona per richiedere il rilascio della <strong>Licenza di porto di arma lunga per il tiro a volo.<\/strong><\/p>\n\n\n\n<p><strong>PROCEDURA PER LA RICHIESTA DEL TITOLO DI PORTO PER USO SPORTIVO:<\/strong><\/p>\n\n\n\n<p>Per effettuare la richiesta del suddetto titolo la cosa migliore \u00e8 <strong>fare un salto di persona alla stazione di polizia di zona e richiedere il <a href=\"https:\/\/www.targetfun.it\/blog\/wp-content\/uploads\/2023\/01\/richiesta-porto-armi.pdf\" target=\"_blank\" rel=\"noreferrer noopener\" aria-label=\"modulo (apre in una nuova scheda)\">modulo<\/a><\/strong> per effettuare la richiesta, in cui sono chiaramente riportate tutte le informazioni  ed i documenti necessari, ovvero:<\/p>\n\n\n\n<ul class=\"wp-block-list\"><li><strong>Certificato Anamnestico<\/strong> rilasciato dal vostro medico, con il quale potrete recarvi alla ASL di competenza per il rilascio di un <strong>Certificato di idoneit\u00e0 psico-fisica per l\u2019utilizzo delle armi da fuoco<\/strong>. (praticamente in modo analogo a quando si rinnova la patente, necessario anche per l&#8217;iscrizione al TSN)<\/li><li><strong>Certificazione di idoneit\u00e0 al maneggio delle armi<\/strong>, che come visto viene rilasciata dal TSN a fronte di un piccolo corso ed un po&#8217; di pratica.<\/li><li><strong>Dichiarazione sostitutiva<\/strong> in cui si attesta: <ul><li>di non trovarsi in <strong>condizioni ostative della legge<\/strong>.<\/li><li>di <strong>non essere obiettori di coscienza<\/strong> (Superabile rinunciando a tale stato)<\/li><li>di <strong>avere informato<\/strong> della richiesta <strong>le persone conviventi<\/strong>. <\/li><\/ul><\/li><li><strong>Due contrassegni telematici<\/strong> da euro 16,00 da apporre sulla richiesta e sulla licenza.<\/li><li>Fotocopia di un<strong> documento di identit\u00e0 valido<\/strong>.<\/li><li><strong>2 fotografie in formato tessera<\/strong> a volto scoperto.<\/li><\/ul>\n\n\n\n<p>Se tutto va bene riceverete il vostro porto d&#8217;armi tra 30 e 90 giorni circa dalla richiesta con una spesa di circa  250\u20ac.<\/p>\n\n\n\n<p>Ottenuto il vostro titolo potrete recarvi una qualsiasi armeria per fare shopping, avendo cura di <strong>denunciare il materiale in vostro possesso entro 72 ore dall&#8217;acquisto<\/strong> (cos\u00ec come le successive variazioni).<\/p>\n\n\n\n<p class=\"has-background has-vivid-red-background-color\">ATTENZIONE!: Una volta acquistate armi e munizioni sar\u00e0 <strong>vostra responsabilit\u00e0 tenerle al sicuro<\/strong>, evitando che persone non idonee possano averne accesso.<br>Dovrete quindi custodirle in modo adeguato del luogo di detenzione dichiarato (magari in una cassaforte, specie se in presenza di minori), evitando di lasciarle incustodite (ad esempio nel baule dell&#8217;auto durante il trasporto) etc. <\/p>\n\n\n\n<p>Il consiglio \u00e8 di <strong>pensare all&#8217;acquisto di eventuali <a href=\"https:\/\/amzn.to\/3n4gYOm\" target=\"_blank\" rel=\"noreferrer noopener\" aria-label=\"armadi blindati (apre in una nuova scheda)\">armadi blindati<\/a> prima di quello delle armi<\/strong>, in modo da organizzare bene gli spazi che dedicherete a questo nuovo hobby.<\/p>\n\n\n\n<p>Avere la vostra arma personale vi permetter\u00e0 di allenarvi e divertirvi in modo pi\u00f9 assiduo e dopo un po&#8217; comincerete a sentire l&#8217;esigenza di<strong> <a rel=\"noreferrer noopener\" aria-label=\"ricaricare (apre in una nuova scheda)\" href=\"https:\/\/www.targetfun.it\/blog\/blog\/ricarica-delle-cartucce-9x21-parte-1\/\" target=\"_blank\">ricaricare<\/a> autonomamente le munizioni per abbattere i costi<\/strong> e personalizzare le vostre munizioni. (recuperando i bossoli su un calibro come il 9&#215;21 si pu\u00f2 anche arrivare a dimezzarne il costo delle munizioni) Pi\u00f9 avanti apprezzerete questa pratica per molti altri motivi.<\/p>\n\n\n\n<p>Potreste poi stufarvi di effettuare un tiro accademico statico da poligono e potreste avvicinarvi ai <strong><a rel=\"noreferrer noopener\" aria-label=\"campi di tiro (apre in una nuova scheda)\" href=\"https:\/\/fitds.it\/campi-di-tiro-fitds\/\" target=\"_blank\">campi di tiro<\/a> della FITDS <\/strong>dove praticare discipline pi\u00f9 divertenti, come il <strong><a href=\"https:\/\/fitds.it\/tiro-dinamico-sportivo\/\" target=\"_blank\" rel=\"noreferrer noopener\" aria-label=\"Tiro Dinamico (apre in una nuova scheda)\">Tiro Dinamico<\/a><\/strong>. Potrebbe capitarvi di avvicinarvi a queste attivit\u00e0 anche da un punto di vista sportivo, innescando in voi lo spirito di competizione, facendovi partecipare a qualche gara e motivandovi al continuo miglioramento!<\/p>\n\n\n\n<p>Insomma, vi porterete a casa uno sport ed una passione con la quale  non finirete mai di imparare cose nuove!<\/p>\n\n\n\n<p><strong>Mettete sempre sicurezza e giudizio al primo posto<\/strong>, a fare qualche errore ci vuole un attimo, ma se avrete automatizzato le giuste abitudini potrete evitare pericolosi incidenti! <br>Aggiungo inoltre che la proliferazione delle armi ha innegabilmente i suoi contro ed \u00e8 nostra precisa responsabilit\u00e0 gestire con coscienza uno strumento inventato con uno scopo ben preciso, ma per il quale abbiamo trovato un uso migliore!<\/p>\n\n\n\n<p>Buon divertimento dunque!<\/p>\n\n\n\n<p><strong>Link Utili:<\/strong><\/p>\n\n\n\n<div class=\"wp-block-file\"><a href=\"https:\/\/www.targetfun.it\/blog\/wp-content\/uploads\/2023\/01\/richiesta-porto-armi.pdf\">Modulo richiesta-porto-armi<\/a><a href=\"https:\/\/www.targetfun.it\/blog\/wp-content\/uploads\/2023\/01\/richiesta-porto-armi.pdf\" class=\"wp-block-file__button\" download>Download<\/a><\/div>\n\n\n\n<p><a rel=\"noreferrer noopener\" aria-label=\"Polizia di Stato (apre in una nuova scheda)\" href=\"https:\/\/www.poliziadistato.it\/archivio\/category\/161\" target=\"_blank\">Polizia di Stato<\/a><br><a rel=\"noreferrer noopener\" aria-label=\"Federazione Italiana Tiro Dinamico Sportivo (apre in una nuova scheda)\" href=\"https:\/\/fitds.it\/\" target=\"_blank\">Federazione Italiana Tiro Dinamico Sportivo<\/a><br><a rel=\"noreferrer noopener\" aria-label=\"Unione Italiana Tiro a Segno (apre in una nuova scheda)\" href=\"http:\/\/www.uits.it\/\" target=\"_blank\">Unione Italiana Tiro a Segno<\/a><br><a href=\"https:\/\/www.targetfun.it\/blog\/armerie\/\" target=\"_blank\" rel=\"noreferrer noopener\" aria-label=\"Elenco armerie (apre in una nuova scheda)\">Elenco armerie<\/a><\/p>\n\n\n\n<p><br><\/p>\n","protected":false},"excerpt":{"rendered":"<p>Per passione o per necessit\u00e0 avete deciso di acquistare un&#8217;arma e non sapete da dove cominciare? Allora siete probabilmente nel posto giusto. Nelle seguenti righe cercheremo di fare un po&#8217; di chiarezza su cosa occorra fare per ottenere il porto&#8230;<\/p>\n","protected":false},"author":1,"featured_media":3218,"parent":0,"menu_order":0,"comment_status":"open","ping_status":"closed","template":"","meta":{"inline_featured_image":false,"footnotes":""},"class_list":["post-2189","page","type-page","status-publish","has-post-thumbnail","hentry"],"yoast_head":"<!-- This site is optimized with the Yoast SEO plugin v26.1.1 - https:\/\/yoast.com\/wordpress\/plugins\/seo\/ -->\n<title>Come ottenere il porto d&#039;armi - Targetfun<\/title>\n<meta name=\"description\" content=\"Poter acquistare e detenere un arma, se in possesso dei requisiti, non e&#039; affatto complicato. Vediamo come cominciare e la procedura per ottenre il porto d&#039;armi ad uso sportivo.\" \/>\n<meta name=\"robots\" content=\"index, follow, max-snippet:-1, max-image-preview:large, max-video-preview:-1\" \/>\n<link rel=\"canonical\" href=\"https:\/\/www.targetfun.it\/blog\/come-ottenere-il-porto-darmi\/\" \/>\n<meta property=\"og:locale\" content=\"it_IT\" \/>\n<meta property=\"og:type\" content=\"article\" \/>\n<meta property=\"og:title\" content=\"Come ottenere il porto d&#039;armi - Targetfun\" \/>\n<meta property=\"og:description\" content=\"Poter acquistare e detenere un arma, se in possesso dei requisiti, non e&#039; affatto complicato. Vediamo come cominciare e la procedura per ottenre il porto d&#039;armi ad uso sportivo.\" \/>\n<meta property=\"og:url\" content=\"https:\/\/www.targetfun.it\/blog\/come-ottenere-il-porto-darmi\/\" \/>\n<meta property=\"og:site_name\" content=\"Targetfun\" \/>\n<meta property=\"article:modified_time\" content=\"2023-01-07T13:56:06+00:00\" \/>\n<meta property=\"og:image\" content=\"https:\/\/www.targetfun.it\/blog\/wp-content\/uploads\/2021\/10\/Libretto.jpg\" \/>\n\t<meta property=\"og:image:width\" content=\"400\" \/>\n\t<meta property=\"og:image:height\" content=\"265\" \/>\n\t<meta property=\"og:image:type\" content=\"image\/jpeg\" \/>\n<meta name=\"twitter:card\" content=\"summary_large_image\" \/>\n<meta name=\"twitter:label1\" content=\"Tempo di lettura stimato\" \/>\n\t<meta name=\"twitter:data1\" content=\"7 minuti\" \/>\n<script type=\"application\/ld+json\" class=\"yoast-schema-graph\">{\"@context\":\"https:\/\/schema.org\",\"@graph\":[{\"@type\":\"WebPage\",\"@id\":\"https:\/\/www.targetfun.it\/blog\/come-ottenere-il-porto-darmi\/\",\"url\":\"https:\/\/www.targetfun.it\/blog\/come-ottenere-il-porto-darmi\/\",\"name\":\"Come ottenere il porto d'armi - Targetfun\",\"isPartOf\":{\"@id\":\"https:\/\/www.targetfun.it\/blog\/#website\"},\"primaryImageOfPage\":{\"@id\":\"https:\/\/www.targetfun.it\/blog\/come-ottenere-il-porto-darmi\/#primaryimage\"},\"image\":{\"@id\":\"https:\/\/www.targetfun.it\/blog\/come-ottenere-il-porto-darmi\/#primaryimage\"},\"thumbnailUrl\":\"https:\/\/www.targetfun.it\/blog\/wp-content\/uploads\/2021\/10\/Libretto.jpg\",\"datePublished\":\"2021-10-18T21:22:19+00:00\",\"dateModified\":\"2023-01-07T13:56:06+00:00\",\"description\":\"Poter acquistare e detenere un arma, se in possesso dei requisiti, non e' affatto complicato. Vediamo come cominciare e la procedura per ottenre il porto d'armi ad uso sportivo.\",\"breadcrumb\":{\"@id\":\"https:\/\/www.targetfun.it\/blog\/come-ottenere-il-porto-darmi\/#breadcrumb\"},\"inLanguage\":\"it-IT\",\"potentialAction\":[{\"@type\":\"ReadAction\",\"target\":[\"https:\/\/www.targetfun.it\/blog\/come-ottenere-il-porto-darmi\/\"]}]},{\"@type\":\"ImageObject\",\"inLanguage\":\"it-IT\",\"@id\":\"https:\/\/www.targetfun.it\/blog\/come-ottenere-il-porto-darmi\/#primaryimage\",\"url\":\"https:\/\/www.targetfun.it\/blog\/wp-content\/uploads\/2021\/10\/Libretto.jpg\",\"contentUrl\":\"https:\/\/www.targetfun.it\/blog\/wp-content\/uploads\/2021\/10\/Libretto.jpg\",\"width\":400,\"height\":265,\"caption\":\"Port d'armi\"},{\"@type\":\"BreadcrumbList\",\"@id\":\"https:\/\/www.targetfun.it\/blog\/come-ottenere-il-porto-darmi\/#breadcrumb\",\"itemListElement\":[{\"@type\":\"ListItem\",\"position\":1,\"name\":\"Home\",\"item\":\"https:\/\/www.targetfun.it\/blog\/\"},{\"@type\":\"ListItem\",\"position\":2,\"name\":\"Come ottenere il porto d&#8217;armi\"}]},{\"@type\":\"WebSite\",\"@id\":\"https:\/\/www.targetfun.it\/blog\/#website\",\"url\":\"https:\/\/www.targetfun.it\/blog\/\",\"name\":\"Targetfun\",\"description\":\"Funny shooting and reloading\",\"publisher\":{\"@id\":\"https:\/\/www.targetfun.it\/blog\/#organization\"},\"potentialAction\":[{\"@type\":\"SearchAction\",\"target\":{\"@type\":\"EntryPoint\",\"urlTemplate\":\"https:\/\/www.targetfun.it\/blog\/?s={search_term_string}\"},\"query-input\":{\"@type\":\"PropertyValueSpecification\",\"valueRequired\":true,\"valueName\":\"search_term_string\"}}],\"inLanguage\":\"it-IT\"},{\"@type\":\"Organization\",\"@id\":\"https:\/\/www.targetfun.it\/blog\/#organization\",\"name\":\"Targetfun.it\",\"url\":\"https:\/\/www.targetfun.it\/blog\/\",\"logo\":{\"@type\":\"ImageObject\",\"inLanguage\":\"it-IT\",\"@id\":\"https:\/\/www.targetfun.it\/blog\/#\/schema\/logo\/image\/\",\"url\":\"https:\/\/www.targetfun.it\/blog\/wp-content\/uploads\/2017\/05\/cropped-Logo.gif\",\"contentUrl\":\"https:\/\/www.targetfun.it\/blog\/wp-content\/uploads\/2017\/05\/cropped-Logo.gif\",\"width\":562,\"height\":180,\"caption\":\"Targetfun.it\"},\"image\":{\"@id\":\"https:\/\/www.targetfun.it\/blog\/#\/schema\/logo\/image\/\"},\"sameAs\":[\"https:\/\/www.youtube.com\/channel\/UCpI5ElP7C4pIJMZ5Zn3SY4w\"]}]}<\/script>\n<!-- \/ Yoast SEO plugin. -->","yoast_head_json":{"title":"Come ottenere il porto d'armi - Targetfun","description":"Poter acquistare e detenere un arma, se in possesso dei requisiti, non e' affatto complicato. Vediamo come cominciare e la procedura per ottenre il porto d'armi ad uso sportivo.","robots":{"index":"index","follow":"follow","max-snippet":"max-snippet:-1","max-image-preview":"max-image-preview:large","max-video-preview":"max-video-preview:-1"},"canonical":"https:\/\/www.targetfun.it\/blog\/come-ottenere-il-porto-darmi\/","og_locale":"it_IT","og_type":"article","og_title":"Come ottenere il porto d'armi - Targetfun","og_description":"Poter acquistare e detenere un arma, se in possesso dei requisiti, non e' affatto complicato. Vediamo come cominciare e la procedura per ottenre il porto d'armi ad uso sportivo.","og_url":"https:\/\/www.targetfun.it\/blog\/come-ottenere-il-porto-darmi\/","og_site_name":"Targetfun","article_modified_time":"2023-01-07T13:56:06+00:00","og_image":[{"width":400,"height":265,"url":"https:\/\/www.targetfun.it\/blog\/wp-content\/uploads\/2021\/10\/Libretto.jpg","type":"image\/jpeg"}],"twitter_card":"summary_large_image","twitter_misc":{"Tempo di lettura stimato":"7 minuti"},"schema":{"@context":"https:\/\/schema.org","@graph":[{"@type":"WebPage","@id":"https:\/\/www.targetfun.it\/blog\/come-ottenere-il-porto-darmi\/","url":"https:\/\/www.targetfun.it\/blog\/come-ottenere-il-porto-darmi\/","name":"Come ottenere il porto d'armi - Targetfun","isPartOf":{"@id":"https:\/\/www.targetfun.it\/blog\/#website"},"primaryImageOfPage":{"@id":"https:\/\/www.targetfun.it\/blog\/come-ottenere-il-porto-darmi\/#primaryimage"},"image":{"@id":"https:\/\/www.targetfun.it\/blog\/come-ottenere-il-porto-darmi\/#primaryimage"},"thumbnailUrl":"https:\/\/www.targetfun.it\/blog\/wp-content\/uploads\/2021\/10\/Libretto.jpg","datePublished":"2021-10-18T21:22:19+00:00","dateModified":"2023-01-07T13:56:06+00:00","description":"Poter acquistare e detenere un arma, se in possesso dei requisiti, non e' affatto complicato. Vediamo come cominciare e la procedura per ottenre il porto d'armi ad uso sportivo.","breadcrumb":{"@id":"https:\/\/www.targetfun.it\/blog\/come-ottenere-il-porto-darmi\/#breadcrumb"},"inLanguage":"it-IT","potentialAction":[{"@type":"ReadAction","target":["https:\/\/www.targetfun.it\/blog\/come-ottenere-il-porto-darmi\/"]}]},{"@type":"ImageObject","inLanguage":"it-IT","@id":"https:\/\/www.targetfun.it\/blog\/come-ottenere-il-porto-darmi\/#primaryimage","url":"https:\/\/www.targetfun.it\/blog\/wp-content\/uploads\/2021\/10\/Libretto.jpg","contentUrl":"https:\/\/www.targetfun.it\/blog\/wp-content\/uploads\/2021\/10\/Libretto.jpg","width":400,"height":265,"caption":"Port d'armi"},{"@type":"BreadcrumbList","@id":"https:\/\/www.targetfun.it\/blog\/come-ottenere-il-porto-darmi\/#breadcrumb","itemListElement":[{"@type":"ListItem","position":1,"name":"Home","item":"https:\/\/www.targetfun.it\/blog\/"},{"@type":"ListItem","position":2,"name":"Come ottenere il porto d&#8217;armi"}]},{"@type":"WebSite","@id":"https:\/\/www.targetfun.it\/blog\/#website","url":"https:\/\/www.targetfun.it\/blog\/","name":"Targetfun","description":"Funny shooting and reloading","publisher":{"@id":"https:\/\/www.targetfun.it\/blog\/#organization"},"potentialAction":[{"@type":"SearchAction","target":{"@type":"EntryPoint","urlTemplate":"https:\/\/www.targetfun.it\/blog\/?s={search_term_string}"},"query-input":{"@type":"PropertyValueSpecification","valueRequired":true,"valueName":"search_term_string"}}],"inLanguage":"it-IT"},{"@type":"Organization","@id":"https:\/\/www.targetfun.it\/blog\/#organization","name":"Targetfun.it","url":"https:\/\/www.targetfun.it\/blog\/","logo":{"@type":"ImageObject","inLanguage":"it-IT","@id":"https:\/\/www.targetfun.it\/blog\/#\/schema\/logo\/image\/","url":"https:\/\/www.targetfun.it\/blog\/wp-content\/uploads\/2017\/05\/cropped-Logo.gif","contentUrl":"https:\/\/www.targetfun.it\/blog\/wp-content\/uploads\/2017\/05\/cropped-Logo.gif","width":562,"height":180,"caption":"Targetfun.it"},"image":{"@id":"https:\/\/www.targetfun.it\/blog\/#\/schema\/logo\/image\/"},"sameAs":["https:\/\/www.youtube.com\/channel\/UCpI5ElP7C4pIJMZ5Zn3SY4w"]}]}},"_links":{"self":[{"href":"https:\/\/www.targetfun.it\/blog\/wp-json\/wp\/v2\/pages\/2189","targetHints":{"allow":["GET"]}}],"collection":[{"href":"https:\/\/www.targetfun.it\/blog\/wp-json\/wp\/v2\/pages"}],"about":[{"href":"https:\/\/www.targetfun.it\/blog\/wp-json\/wp\/v2\/types\/page"}],"author":[{"embeddable":true,"href":"https:\/\/www.targetfun.it\/blog\/wp-json\/wp\/v2\/users\/1"}],"replies":[{"embeddable":true,"href":"https:\/\/www.targetfun.it\/blog\/wp-json\/wp\/v2\/comments?post=2189"}],"version-history":[{"count":18,"href":"https:\/\/www.targetfun.it\/blog\/wp-json\/wp\/v2\/pages\/2189\/revisions"}],"predecessor-version":[{"id":3821,"href":"https:\/\/www.targetfun.it\/blog\/wp-json\/wp\/v2\/pages\/2189\/revisions\/3821"}],"wp:featuredmedia":[{"embeddable":true,"href":"https:\/\/www.targetfun.it\/blog\/wp-json\/wp\/v2\/media\/3218"}],"wp:attachment":[{"href":"https:\/\/www.targetfun.it\/blog\/wp-json\/wp\/v2\/media?parent=2189"}],"curies":[{"name":"wp","href":"https:\/\/api.w.org\/{rel}","templated":true}]}}