{"id":474,"date":"2017-06-13T17:12:27","date_gmt":"2017-06-13T15:12:27","guid":{"rendered":"http:\/\/www.targetfun.it\/blog\/?page_id=474"},"modified":"2025-03-26T16:31:56","modified_gmt":"2025-03-26T15:31:56","slug":"eventi","status":"publish","type":"page","link":"https:\/\/www.targetfun.it\/blog\/eventi\/","title":{"rendered":"Eventi"},"content":{"rendered":"<p class=\"justifyfull\"><a href=\"http:\/\/www.targetfun.it\/blog\/wp-content\/uploads\/2017\/06\/militalia.jpg\"><img loading=\"lazy\" decoding=\"async\" class=\"alignnone size-full wp-image-490\" src=\"http:\/\/www.targetfun.it\/blog\/wp-content\/uploads\/2017\/06\/militalia.jpg\" alt=\"\" width=\"349\" height=\"140\" srcset=\"https:\/\/www.targetfun.it\/blog\/wp-content\/uploads\/2017\/06\/militalia.jpg 349w, https:\/\/www.targetfun.it\/blog\/wp-content\/uploads\/2017\/06\/militalia-300x120.jpg 300w\" sizes=\"auto, (max-width: 349px) 100vw, 349px\" \/><\/a><\/p>\n<p><strong>Militalia<\/strong>,<br \/>\nMilano, (Parco esposizioni Novegro)<br \/>\nMilitalia 10\/11 maggio 2025<\/p>\n<p><a href=\"http:\/\/www.parcoesposizioninovegro.it\/le-fiere-a-z\/militalia.html\" target=\"_blank\" rel=\"noopener noreferrer\">www.parcoesposizioninovegro.it<\/a><\/p>\n<p class=\"justifyfull\">La fiera MILITALIA \u00e8 la pi\u00f9 importante occasione d&#8217;incontro degli appassionati di militaria che si svolge nel nostro paese, ed \u00e8 l&#8217;espressione pi\u00f9 aggiornata della tradizione di eventi dedicati all&#8217;argomento del collezionismo militare che si sono svolti da anni nel Parco Esposizioni Novegro.<\/p>\n<p class=\"justifyfull\"><img decoding=\"async\" src=\"https:\/\/www.eos-show.com\/hubfs\/EOS_Show\/Eos-Show-Logo.svg\" alt=\"Eos-Show-Logo\" \/><\/p>\n<p><strong>EOS &#8211; EUROPEAN OUTDOOR SHOW<\/strong><br \/>\nVERONAFIERE S.p.A. V.le dell&#8217;Industria 32\/B, 37135 Verona<br \/>\n8 &#8211; 10 FEBBRAIO 2025<\/p>\n<p><a href=\"http:\/\/www.eos-show.com\" target=\"_blank\" rel=\"noopener\">www.eos-show.com<\/a><\/p>\n<p class=\"justifyfull\">Principale fiera italiana dei settori caccia, tiro sportivo, pesca e nautica.<\/p>\n<p><img loading=\"lazy\" decoding=\"async\" class=\"\" src=\"https:\/\/mc-e5b0d581-4409-4340-bc8b-9266-cdn-endpoint.azureedge.net\/-\/media\/project\/nuernberg-messe\/iwa-outdoorclassics\/iwa-outdoorclassics\/defaultimages\/fair_logo.svg?iar=0&amp;rev=5e4bcbbfac72481982af02224d508137&amp;hash=2F8AB1134B4B6DD859AB80EF880FEEAE\" alt=\"IWA Logo \" width=\"182\" height=\"133\" \/><\/p>\n<p><strong>IWA<\/strong>,<br \/>\nNorimberga (Germania)<br \/>\n27 &#8211; 2 March 2025<\/p>\n<p><a href=\"https:\/\/www.iwa.info\/en\" target=\"_blank\" rel=\"noopener noreferrer\">www.iwa.info<\/a><\/p>\n<p class=\"justifyfull\">IWA OutdoorClassics \u00e8 la pi\u00f9 importante fiera europea di armi da caccia, da tiro sportivo e di attrezzature per attivit\u00e0 all\u2019aria aperta. Presso l\u2019IWA OutdoorClassics che si terr\u00e0 nel centro fieristico di Norimberga \u00e8 raccolto il meglio della produzione di aziende e distributori internazionali.<\/p>\n<p class=\"justifyfull\"><img loading=\"lazy\" decoding=\"async\" class=\"\" src=\"https:\/\/www.gamefairitalia.it\/images\/loghi\/Logo_GameFair_20.png\" width=\"297\" height=\"151\" \/><\/p>\n<p><strong>33\u00b0 Game Fair Italia<\/strong><br \/>\nQuardtiere Fieristico Riva Del Garda (TN)<br \/>\n25-26-27 aprile 2025<\/p>\n<p><a href=\"https:\/\/www.gamefairitalia.it\/\" target=\"_blank\" rel=\"noopener\">www.gamefairitalia.it<\/a><\/p>\n<p>Game Fair Italia: L\u2019Evento per gli Amanti della Vita all&#8217;Aria Aperta<\/p>\n<p>Il Game Fair \u00e8 una manifestazione internazionale nata nel 1950 in Inghilterra, dedicata alla celebrazione della cultura rurale e delle attivit\u00e0 outdoor. In Italia, si tiene dal 2015 a Braccagni (Grosseto) presso la struttura di Grossetofiere, proponendosi come un\u2019esperienza unica per chi ama la caccia, il tiro, i cavalli, la pesca e la vita all\u2019aperto.<\/p>\n<p>Ogni anno, i visitatori possono partecipare a prove pratiche, show, gare e attivit\u00e0 interattive in un\u2019atmosfera che accoglie tutta la famiglia. Tra le community presenti ci sono appassionati di armi, tiro a volo, falconeria, soft air, cinofilia e molto altro. Game Fair \u00e8 l\u2019evento ideale per vivere le proprie passioni immersi in un contesto di pura adrenalina e contatto con la natura.<\/p>\n<p class=\"justifyfull\">Segnalateci eventuali inesattezze o integrazioni\u00a0sulla nostra pagina <a href=\"http:\/\/www.targetfun.it\/blog\/contatti\/\">contatti<\/a><\/p>\n<p class=\"justifyfull\">\n","protected":false},"excerpt":{"rendered":"<p>Militalia, Milano, (Parco esposizioni Novegro) Militalia 10\/11 maggio 2025 www.parcoesposizioninovegro.it La fiera MILITALIA \u00e8 la pi\u00f9 importante occasione d&#8217;incontro degli appassionati di militaria che si svolge nel nostro paese, ed \u00e8 l&#8217;espressione pi\u00f9 aggiornata della tradizione di eventi dedicati all&#8217;argomento&#8230;<\/p>\n","protected":false},"author":1,"featured_media":0,"parent":0,"menu_order":0,"comment_status":"closed","ping_status":"closed","template":"","meta":{"inline_featured_image":false,"footnotes":""},"class_list":["post-474","page","type-page","status-publish","hentry","no-post-thumbnail"],"yoast_head":"<!-- This site is optimized with the Yoast SEO plugin v26.1.1 - https:\/\/yoast.com\/wordpress\/plugins\/seo\/ -->\n<title>Eventi - Targetfun<\/title>\n<meta name=\"robots\" content=\"index, follow, max-snippet:-1, max-image-preview:large, max-video-preview:-1\" \/>\n<link rel=\"canonical\" href=\"https:\/\/www.targetfun.it\/blog\/eventi\/\" \/>\n<meta property=\"og:locale\" content=\"it_IT\" \/>\n<meta property=\"og:type\" content=\"article\" \/>\n<meta property=\"og:title\" content=\"Eventi - Targetfun\" \/>\n<meta property=\"og:description\" content=\"Militalia, Milano, (Parco esposizioni Novegro) Militalia 10\/11 maggio 2025 www.parcoesposizioninovegro.it La fiera MILITALIA \u00e8 la pi\u00f9 importante occasione d&#8217;incontro degli appassionati di militaria che si svolge nel nostro paese, ed \u00e8 l&#8217;espressione pi\u00f9 aggiornata della tradizione di eventi dedicati all&#8217;argomento...\" \/>\n<meta property=\"og:url\" content=\"https:\/\/www.targetfun.it\/blog\/eventi\/\" \/>\n<meta property=\"og:site_name\" content=\"Targetfun\" \/>\n<meta property=\"article:modified_time\" content=\"2025-03-26T15:31:56+00:00\" \/>\n<meta property=\"og:image\" content=\"https:\/\/www.targetfun.it\/blog\/wp-content\/uploads\/2017\/06\/militalia.jpg\" \/>\n\t<meta property=\"og:image:width\" content=\"349\" \/>\n\t<meta property=\"og:image:height\" content=\"140\" \/>\n\t<meta property=\"og:image:type\" content=\"image\/jpeg\" \/>\n<meta name=\"twitter:card\" content=\"summary_large_image\" \/>\n<meta name=\"twitter:label1\" content=\"Tempo di lettura stimato\" \/>\n\t<meta name=\"twitter:data1\" content=\"3 minuti\" \/>\n<script type=\"application\/ld+json\" class=\"yoast-schema-graph\">{\"@context\":\"https:\/\/schema.org\",\"@graph\":[{\"@type\":\"WebPage\",\"@id\":\"https:\/\/www.targetfun.it\/blog\/eventi\/\",\"url\":\"https:\/\/www.targetfun.it\/blog\/eventi\/\",\"name\":\"Eventi - Targetfun\",\"isPartOf\":{\"@id\":\"https:\/\/www.targetfun.it\/blog\/#website\"},\"primaryImageOfPage\":{\"@id\":\"https:\/\/www.targetfun.it\/blog\/eventi\/#primaryimage\"},\"image\":{\"@id\":\"https:\/\/www.targetfun.it\/blog\/eventi\/#primaryimage\"},\"thumbnailUrl\":\"http:\/\/www.targetfun.it\/blog\/wp-content\/uploads\/2017\/06\/militalia.jpg\",\"datePublished\":\"2017-06-13T15:12:27+00:00\",\"dateModified\":\"2025-03-26T15:31:56+00:00\",\"breadcrumb\":{\"@id\":\"https:\/\/www.targetfun.it\/blog\/eventi\/#breadcrumb\"},\"inLanguage\":\"it-IT\",\"potentialAction\":[{\"@type\":\"ReadAction\",\"target\":[\"https:\/\/www.targetfun.it\/blog\/eventi\/\"]}]},{\"@type\":\"ImageObject\",\"inLanguage\":\"it-IT\",\"@id\":\"https:\/\/www.targetfun.it\/blog\/eventi\/#primaryimage\",\"url\":\"http:\/\/www.targetfun.it\/blog\/wp-content\/uploads\/2017\/06\/militalia.jpg\",\"contentUrl\":\"http:\/\/www.targetfun.it\/blog\/wp-content\/uploads\/2017\/06\/militalia.jpg\"},{\"@type\":\"BreadcrumbList\",\"@id\":\"https:\/\/www.targetfun.it\/blog\/eventi\/#breadcrumb\",\"itemListElement\":[{\"@type\":\"ListItem\",\"position\":1,\"name\":\"Home\",\"item\":\"https:\/\/www.targetfun.it\/blog\/\"},{\"@type\":\"ListItem\",\"position\":2,\"name\":\"Eventi\"}]},{\"@type\":\"WebSite\",\"@id\":\"https:\/\/www.targetfun.it\/blog\/#website\",\"url\":\"https:\/\/www.targetfun.it\/blog\/\",\"name\":\"Targetfun\",\"description\":\"Funny shooting and reloading\",\"publisher\":{\"@id\":\"https:\/\/www.targetfun.it\/blog\/#organization\"},\"potentialAction\":[{\"@type\":\"SearchAction\",\"target\":{\"@type\":\"EntryPoint\",\"urlTemplate\":\"https:\/\/www.targetfun.it\/blog\/?s={search_term_string}\"},\"query-input\":{\"@type\":\"PropertyValueSpecification\",\"valueRequired\":true,\"valueName\":\"search_term_string\"}}],\"inLanguage\":\"it-IT\"},{\"@type\":\"Organization\",\"@id\":\"https:\/\/www.targetfun.it\/blog\/#organization\",\"name\":\"Targetfun.it\",\"url\":\"https:\/\/www.targetfun.it\/blog\/\",\"logo\":{\"@type\":\"ImageObject\",\"inLanguage\":\"it-IT\",\"@id\":\"https:\/\/www.targetfun.it\/blog\/#\/schema\/logo\/image\/\",\"url\":\"https:\/\/www.targetfun.it\/blog\/wp-content\/uploads\/2017\/05\/cropped-Logo.gif\",\"contentUrl\":\"https:\/\/www.targetfun.it\/blog\/wp-content\/uploads\/2017\/05\/cropped-Logo.gif\",\"width\":562,\"height\":180,\"caption\":\"Targetfun.it\"},\"image\":{\"@id\":\"https:\/\/www.targetfun.it\/blog\/#\/schema\/logo\/image\/\"},\"sameAs\":[\"https:\/\/www.youtube.com\/channel\/UCpI5ElP7C4pIJMZ5Zn3SY4w\"]}]}<\/script>\n<!-- \/ Yoast SEO plugin. -->","yoast_head_json":{"title":"Eventi - Targetfun","robots":{"index":"index","follow":"follow","max-snippet":"max-snippet:-1","max-image-preview":"max-image-preview:large","max-video-preview":"max-video-preview:-1"},"canonical":"https:\/\/www.targetfun.it\/blog\/eventi\/","og_locale":"it_IT","og_type":"article","og_title":"Eventi - Targetfun","og_description":"Militalia, Milano, (Parco esposizioni Novegro) Militalia 10\/11 maggio 2025 www.parcoesposizioninovegro.it La fiera MILITALIA \u00e8 la pi\u00f9 importante occasione d&#8217;incontro degli appassionati di militaria che si svolge nel nostro paese, ed \u00e8 l&#8217;espressione pi\u00f9 aggiornata della tradizione di eventi dedicati all&#8217;argomento...","og_url":"https:\/\/www.targetfun.it\/blog\/eventi\/","og_site_name":"Targetfun","article_modified_time":"2025-03-26T15:31:56+00:00","og_image":[{"width":349,"height":140,"url":"https:\/\/www.targetfun.it\/blog\/wp-content\/uploads\/2017\/06\/militalia.jpg","type":"image\/jpeg"}],"twitter_card":"summary_large_image","twitter_misc":{"Tempo di lettura stimato":"3 minuti"},"schema":{"@context":"https:\/\/schema.org","@graph":[{"@type":"WebPage","@id":"https:\/\/www.targetfun.it\/blog\/eventi\/","url":"https:\/\/www.targetfun.it\/blog\/eventi\/","name":"Eventi - Targetfun","isPartOf":{"@id":"https:\/\/www.targetfun.it\/blog\/#website"},"primaryImageOfPage":{"@id":"https:\/\/www.targetfun.it\/blog\/eventi\/#primaryimage"},"image":{"@id":"https:\/\/www.targetfun.it\/blog\/eventi\/#primaryimage"},"thumbnailUrl":"http:\/\/www.targetfun.it\/blog\/wp-content\/uploads\/2017\/06\/militalia.jpg","datePublished":"2017-06-13T15:12:27+00:00","dateModified":"2025-03-26T15:31:56+00:00","breadcrumb":{"@id":"https:\/\/www.targetfun.it\/blog\/eventi\/#breadcrumb"},"inLanguage":"it-IT","potentialAction":[{"@type":"ReadAction","target":["https:\/\/www.targetfun.it\/blog\/eventi\/"]}]},{"@type":"ImageObject","inLanguage":"it-IT","@id":"https:\/\/www.targetfun.it\/blog\/eventi\/#primaryimage","url":"http:\/\/www.targetfun.it\/blog\/wp-content\/uploads\/2017\/06\/militalia.jpg","contentUrl":"http:\/\/www.targetfun.it\/blog\/wp-content\/uploads\/2017\/06\/militalia.jpg"},{"@type":"BreadcrumbList","@id":"https:\/\/www.targetfun.it\/blog\/eventi\/#breadcrumb","itemListElement":[{"@type":"ListItem","position":1,"name":"Home","item":"https:\/\/www.targetfun.it\/blog\/"},{"@type":"ListItem","position":2,"name":"Eventi"}]},{"@type":"WebSite","@id":"https:\/\/www.targetfun.it\/blog\/#website","url":"https:\/\/www.targetfun.it\/blog\/","name":"Targetfun","description":"Funny shooting and reloading","publisher":{"@id":"https:\/\/www.targetfun.it\/blog\/#organization"},"potentialAction":[{"@type":"SearchAction","target":{"@type":"EntryPoint","urlTemplate":"https:\/\/www.targetfun.it\/blog\/?s={search_term_string}"},"query-input":{"@type":"PropertyValueSpecification","valueRequired":true,"valueName":"search_term_string"}}],"inLanguage":"it-IT"},{"@type":"Organization","@id":"https:\/\/www.targetfun.it\/blog\/#organization","name":"Targetfun.it","url":"https:\/\/www.targetfun.it\/blog\/","logo":{"@type":"ImageObject","inLanguage":"it-IT","@id":"https:\/\/www.targetfun.it\/blog\/#\/schema\/logo\/image\/","url":"https:\/\/www.targetfun.it\/blog\/wp-content\/uploads\/2017\/05\/cropped-Logo.gif","contentUrl":"https:\/\/www.targetfun.it\/blog\/wp-content\/uploads\/2017\/05\/cropped-Logo.gif","width":562,"height":180,"caption":"Targetfun.it"},"image":{"@id":"https:\/\/www.targetfun.it\/blog\/#\/schema\/logo\/image\/"},"sameAs":["https:\/\/www.youtube.com\/channel\/UCpI5ElP7C4pIJMZ5Zn3SY4w"]}]}},"_links":{"self":[{"href":"https:\/\/www.targetfun.it\/blog\/wp-json\/wp\/v2\/pages\/474","targetHints":{"allow":["GET"]}}],"collection":[{"href":"https:\/\/www.targetfun.it\/blog\/wp-json\/wp\/v2\/pages"}],"about":[{"href":"https:\/\/www.targetfun.it\/blog\/wp-json\/wp\/v2\/types\/page"}],"author":[{"embeddable":true,"href":"https:\/\/www.targetfun.it\/blog\/wp-json\/wp\/v2\/users\/1"}],"replies":[{"embeddable":true,"href":"https:\/\/www.targetfun.it\/blog\/wp-json\/wp\/v2\/comments?post=474"}],"version-history":[{"count":32,"href":"https:\/\/www.targetfun.it\/blog\/wp-json\/wp\/v2\/pages\/474\/revisions"}],"predecessor-version":[{"id":4709,"href":"https:\/\/www.targetfun.it\/blog\/wp-json\/wp\/v2\/pages\/474\/revisions\/4709"}],"wp:attachment":[{"href":"https:\/\/www.targetfun.it\/blog\/wp-json\/wp\/v2\/media?parent=474"}],"curies":[{"name":"wp","href":"https:\/\/api.w.org\/{rel}","templated":true}]}}